{"id":3924,"date":"2023-06-11T14:13:20","date_gmt":"2023-06-11T11:13:20","guid":{"rendered":"https:\/\/dundarlargroup.com.tr\/media-center\/"},"modified":"2023-11-15T08:20:32","modified_gmt":"2023-11-15T05:20:32","slug":"media-center","status":"publish","type":"page","link":"https:\/\/dundarlargroup.com.tr\/en\/media-center\/","title":{"rendered":"Media Center"},"content":{"rendered":"<section class=\"wpb-content-wrapper\"><p>[vc_row full_width=&#8221;stretch_row_content&#8221; content_placement=&#8221;middle&#8221; css=&#8221;.vc_custom_1523621605948{margin-bottom: 8vh !important;padding-right: 5% !important;padding-left: 5% !important;}&#8221;][vc_column css=&#8221;.vc_custom_1692019101709{padding-right: 10% !important;padding-left: 10% !important;}&#8221; offset=&#8221;vc_col-lg-6 vc_col-md-6 vc_col-xs-12&#8243; mobile_bg_img_hidden=&#8221;no&#8221; tablet_bg_img_hidden=&#8221;no&#8221; woodmart_parallax=&#8221;0&#8243; woodmart_sticky_column=&#8221;false&#8221; parallax_scroll=&#8221;no&#8221; mobile_reset_margin=&#8221;no&#8221; tablet_reset_margin=&#8221;no&#8221;][vc_single_image image=&#8221;3397&#8243; img_size=&#8221;850&#215;750&#8243; alignment=&#8221;center&#8221; scroll_x=&#8221;-80&#8243; scroll_y=&#8221;-1&#8243; scroll_z=&#8221;0&#8243; parallax_scroll=&#8221;yes&#8221; css=&#8221;.vc_custom_1692018291118{margin-bottom: 0px !important;}&#8221;][\/vc_column][vc_column scroll_x=&#8221;-50&#8243; scroll_y=&#8221;-1&#8243; scroll_z=&#8221;0&#8243; parallax_scroll=&#8221;yes&#8221; css=&#8221;.vc_custom_1692019454081{padding-right: 10% !important;padding-left: 10% !important;}&#8221; offset=&#8221;vc_col-lg-6 vc_col-md-6 vc_col-xs-12&#8243; mobile_bg_img_hidden=&#8221;no&#8221; tablet_bg_img_hidden=&#8221;no&#8221; woodmart_parallax=&#8221;0&#8243; woodmart_sticky_column=&#8221;false&#8221; mobile_reset_margin=&#8221;no&#8221; tablet_reset_margin=&#8221;no&#8221;]\t\n\t\t\t<div id=\"wd-64da25a98a9b7\" class=\"woodmart-text-block-wrapper color-scheme-custom woodmart-title-size-custom woodmart-title-width-100 text-right vc_custom_1692017783316 hidden-xs\">\n\t\t\t\t<div class=\"woodmart-title-container woodmart-text-block font-primary woodmart-font-weight-700\">\n\t\t\t\t\t01\t\t\t\t<\/div>\n\t\t\t\t\t\n\t\t\t<\/div>\n\t\t\t\n\t\t\t<div id=\"wd-65545271eadd8\" class=\"woodmart-text-block-wrapper color-scheme-custom woodmart-title-size-default woodmart-title-width-100 text-left vc_custom_1700025046091\">\n\t\t\t\t<div class=\"woodmart-title-container woodmart-text-block font-text woodmart-font-weight-\">\n\t\t\t\t\tChairman of the Board of D\u00fcndarlar Group, Ru\u015fen D\u00fcndar has been awarded by the\t\t\t\t<\/div>\n\t\t\t\t\t\n\t\t\t<\/div>\n\t\t\t\n\t\t\t<div id=\"wd-655452d9a4a67\" class=\"woodmart-text-block-wrapper color-scheme-dark woodmart-title-size-extra-large woodmart-title-width-90 text-left vc_custom_1700025078136\">\n\t\t\t\t<div class=\"woodmart-title-container woodmart-text-block font-primary woodmart-font-weight-600\">\n\t\t\t\t\t<span class=\"color-primary\">Eski\u015fehir <\/span> Chamber Of Industry\t\t\t\t<\/div>\n\t\t\t\t\t\n\t\t\t<\/div>\n\t\t\t\n\t\t\t<div id=\"wd-655452f9bf96e\" class=\"woodmart-text-block-wrapper color-scheme- woodmart-title-size-custom woodmart-title-width-90 text-left \">\n\t\t\t\t<div class=\"woodmart-title-container woodmart-text-block font-text woodmart-font-weight-400\">\n\t\t\t\t\tRu\u015fen D\u00fcndar, Chairman of the Board of D\u00fcndarlar Group, was honored with an award by the Eski\u015fehir Chamber of Industry (ESO). The event brought together successful figures from the industry and business world. This prestigious award was presented to Ru\u015fen D\u00fcndar by the former Prime Minister Tansu \u00c7iller.\t\t\t\t<\/div>\n\t\t\t\t\t\n\t\t\t<\/div>\n\t\t[\/vc_column][\/vc_row][vc_row full_width=&#8221;stretch_row_content&#8221; content_placement=&#8221;middle&#8221; css=&#8221;.vc_custom_1697728904846{margin-bottom: 8vh !important;padding-right: 5% !important;padding-left: 5% !important;}&#8221; mobile_bg_img_hidden=&#8221;no&#8221; tablet_bg_img_hidden=&#8221;no&#8221; woodmart_parallax=&#8221;0&#8243; woodmart_gradient_switch=&#8221;no&#8221; row_reverse_mobile=&#8221;1&#8243; row_reverse_tablet=&#8221;0&#8243; woodmart_disable_overflow=&#8221;0&#8243;][vc_column scroll_x=&#8221;50&#8243; scroll_y=&#8221;-1&#8243; scroll_z=&#8221;0&#8243; woodmart_text_align=&#8221;left&#8221; parallax_scroll=&#8221;yes&#8221; css=&#8221;.vc_custom_1697733335156{padding-right: 10% !important;padding-left: 10% !important;}&#8221; offset=&#8221;vc_col-lg-6 vc_col-md-6 vc_col-xs-12&#8243; mobile_bg_img_hidden=&#8221;no&#8221; tablet_bg_img_hidden=&#8221;no&#8221; woodmart_parallax=&#8221;0&#8243; woodmart_sticky_column=&#8221;false&#8221; mobile_reset_margin=&#8221;no&#8221; tablet_reset_margin=&#8221;no&#8221;]\t\n\t\t\t<div id=\"wd-64da2af87535d\" class=\"woodmart-text-block-wrapper color-scheme-custom woodmart-title-size-custom woodmart-title-width-100 text-left vc_custom_1692019136508 hidden-xs\">\n\t\t\t\t<div class=\"woodmart-title-container woodmart-text-block font-primary woodmart-font-weight-700\">\n\t\t\t\t\t02\t\t\t\t<\/div>\n\t\t\t\t\t\n\t\t\t<\/div>\n\t\t\t\n\t\t\t<div id=\"wd-655453051b02c\" class=\"woodmart-text-block-wrapper color-scheme-custom woodmart-title-size-small woodmart-title-width-100 text-right vc_custom_1700025100203 mobile-text-left\">\n\t\t\t\t<div class=\"woodmart-title-container woodmart-text-block font-text woodmart-font-weight-\">\n\t\t\t\t\tD\u00fcndarlar Machinery\t\t\t\t<\/div>\n\t\t\t\t\t\n\t\t\t<\/div>\n\t\t\t\n\t\t\t<div id=\"wd-6554530ed170e\" class=\"woodmart-text-block-wrapper color-scheme-dark woodmart-title-size-extra-large woodmart-title-width-90 text-right vc_custom_1700025148121 mobile-text-left\">\n\t\t\t\t<div class=\"woodmart-title-container woodmart-text-block font-primary woodmart-font-weight-600\">\n\t\t\t\t\tWon an Award in <span class=\"color-primary\">Product Development<\/span> \t\t\t\t<\/div>\n\t\t\t\t\t\n\t\t\t<\/div>\n\t\t\t\n\t\t\t<div id=\"wd-6554533ebfd29\" class=\"woodmart-text-block-wrapper color-scheme- woodmart-title-size-custom woodmart-title-width-90 text-right  mobile-text-left\">\n\t\t\t\t<div class=\"woodmart-title-container woodmart-text-block font-text woodmart-font-weight-400\">\n\t\t\t\t\tD\u00fcndarlar Makina, one of Turkey\u2019s leading agricultural machinery manufacturers, has won an award that crowns its success in product development. The company became the proud owner of the &#8216;Product Development Award&#8217; for its innovative product developed with an automatic equipment attachment-detachment system. The award was proudly received by the Chairman of the Board, Ru\u015fen D\u00fcndar\t\t\t\t<\/div>\n\t\t\t\t\t\n\t\t\t<\/div>\n\t\t[\/vc_column][vc_column css=&#8221;.vc_custom_1692020255049{padding-right: 10% !important;padding-left: 10% !important;}&#8221; offset=&#8221;vc_col-lg-6 vc_col-md-6 vc_col-xs-12&#8243; mobile_bg_img_hidden=&#8221;no&#8221; tablet_bg_img_hidden=&#8221;no&#8221; woodmart_parallax=&#8221;0&#8243; woodmart_sticky_column=&#8221;false&#8221; parallax_scroll=&#8221;no&#8221; mobile_reset_margin=&#8221;no&#8221; tablet_reset_margin=&#8221;no&#8221;][vc_single_image image=&#8221;3381&#8243; img_size=&#8221;850&#215;750&#8243; alignment=&#8221;center&#8221; scroll_x=&#8221;80&#8243; scroll_y=&#8221;-1&#8243; scroll_z=&#8221;0&#8243; parallax_scroll=&#8221;yes&#8221; css=&#8221;.vc_custom_1692020309387{margin-bottom: 0px !important;}&#8221;][\/vc_column][\/vc_row][vc_row full_width=&#8221;stretch_row_content&#8221; content_placement=&#8221;middle&#8221; css=&#8221;.vc_custom_1523621605948{margin-bottom: 8vh !important;padding-right: 5% !important;padding-left: 5% !important;}&#8221;][vc_column css=&#8221;.vc_custom_1692019145234{padding-right: 10% !important;padding-left: 10% !important;}&#8221; offset=&#8221;vc_col-lg-6 vc_col-md-6 vc_col-xs-12&#8243; mobile_bg_img_hidden=&#8221;no&#8221; tablet_bg_img_hidden=&#8221;no&#8221; woodmart_parallax=&#8221;0&#8243; woodmart_sticky_column=&#8221;false&#8221; parallax_scroll=&#8221;no&#8221; mobile_reset_margin=&#8221;no&#8221; tablet_reset_margin=&#8221;no&#8221;][vc_single_image image=&#8221;3404&#8243; img_size=&#8221;850&#215;750&#8243; alignment=&#8221;center&#8221; scroll_x=&#8221;-80&#8243; scroll_y=&#8221;-1&#8243; scroll_z=&#8221;0&#8243; parallax_scroll=&#8221;yes&#8221; css=&#8221;.vc_custom_1692018907019{margin-bottom: 0px !important;}&#8221;][\/vc_column][vc_column scroll_x=&#8221;-50&#8243; scroll_y=&#8221;-1&#8243; scroll_z=&#8221;0&#8243; parallax_scroll=&#8221;yes&#8221; css=&#8221;.vc_custom_1692020329489{padding-right: 10% !important;padding-left: 10% !important;}&#8221; offset=&#8221;vc_col-lg-6 vc_col-md-6 vc_col-xs-12&#8243; mobile_bg_img_hidden=&#8221;no&#8221; tablet_bg_img_hidden=&#8221;no&#8221; woodmart_parallax=&#8221;0&#8243; woodmart_sticky_column=&#8221;false&#8221; mobile_reset_margin=&#8221;no&#8221; tablet_reset_margin=&#8221;no&#8221;]\t\n\t\t\t<div id=\"wd-64da2b0d30fe8\" class=\"woodmart-text-block-wrapper color-scheme-custom woodmart-title-size-custom woodmart-title-width-100 text-right vc_custom_1692019158396 hidden-xs\">\n\t\t\t\t<div class=\"woodmart-title-container woodmart-text-block font-primary woodmart-font-weight-700\">\n\t\t\t\t\t03\t\t\t\t<\/div>\n\t\t\t\t\t\n\t\t\t<\/div>\n\t\t\t\n\t\t\t<div id=\"wd-655453495951b\" class=\"woodmart-text-block-wrapper color-scheme-custom woodmart-title-size-small woodmart-title-width-100 text-left vc_custom_1700025166378\">\n\t\t\t\t<div class=\"woodmart-title-container woodmart-text-block font-text woodmart-font-weight-\">\n\t\t\t\t\t<\/p>\n<p class=\"entry-title\">Konya International<\/p>\n<p>\t\t\t\t<\/div>\n\t\t\t\t\t\n\t\t\t<\/div>\n\t\t\t\n\t\t\t<div id=\"wd-65545351f00d9\" class=\"woodmart-text-block-wrapper color-scheme-dark woodmart-title-size-extra-large woodmart-title-width-90 text-left vc_custom_1700025193028\">\n\t\t\t\t<div class=\"woodmart-title-container woodmart-text-block font-primary woodmart-font-weight-600\">\n\t\t\t\t\tWe&#8217;ve Completed the <span class=\"color-primary\">Agriculture Fair <\/span>\t\t\t\t<\/div>\n\t\t\t\t\t\n\t\t\t<\/div>\n\t\t\t\n\t\t\t<div id=\"wd-6554536c212d7\" class=\"woodmart-text-block-wrapper color-scheme- woodmart-title-size-custom woodmart-title-width-90 text-left \">\n\t\t\t\t<div class=\"woodmart-title-container woodmart-text-block font-text woodmart-font-weight-400\">\n\t\t\t\t\tT\u00dcYAP Konya International Agriculture Fair 2022 was very busy and beautiful. We would like to thank everyone and our farmers from all over the world who came to our stand and contributed to the fair.\t\t\t\t<\/div>\n\t\t\t\t\t\n\t\t\t<\/div>\n\t\t[\/vc_column][\/vc_row][vc_row][vc_column][vc_separator][\/vc_column][\/vc_row][vc_row css=&#8221;.vc_custom_1523429090586{margin-bottom: 4vh !important;}&#8221;][vc_column scroll_x=&#8221;0&#8243; scroll_y=&#8221;-1&#8243; scroll_z=&#8221;-120&#8243; parallax_scroll=&#8221;yes&#8221;]\t\n\t\t\t<div id=\"wd-65545516101c6\" class=\"woodmart-text-block-wrapper color-scheme-custom woodmart-title-size-small woodmart-title-width-100 text-center vc_custom_1700025625943\">\n\t\t\t\t<div class=\"woodmart-title-container woodmart-text-block font-text woodmart-font-weight-\">\n\t\t\t\t\tFind us\t\t\t\t<\/div>\n\t\t\t\t\t\n\t\t\t<\/div>\n\t\t\t\n\t\t\t<div id=\"wd-65545509725ce\" class=\"woodmart-text-block-wrapper color-scheme-dark woodmart-title-size-extra-large woodmart-title-width-90 text-center vc_custom_1700025619929\">\n\t\t\t\t<div class=\"woodmart-title-container woodmart-text-block font-primary woodmart-font-weight-600\">\n\t\t\t\t\t<span class=\"color-primary\">On Social Media<\/span> \t\t\t\t<\/div>\n\t\t\t\t\t\n\t\t\t<\/div>\n\t\t\n\t\t\t<div class=\"woodmart-social-icons text-center icons-design-bordered icons-size-large color-scheme-dark social-follow social-form-circle\">\n\t\t\t\t\t\t\t\t\t<a rel=\"nofollow\" href=\"https:\/\/www.facebook.com\/ToscanoOfficial\/\" target=\"_blank\" class=\" woodmart-social-icon social-facebook\">\n\t\t\t\t\t\t<i class=\"fa fa-facebook\"><\/i>\n\t\t\t\t\t\t<span class=\"woodmart-social-icon-name\">Facebook<\/span>\n\t\t\t\t\t<\/a>\n\t\t\t\t\n\t\t\t\t\n\t\t\t\t\n\t\t\t\t\t\t\t\t\t<a rel=\"nofollow\" href=\"https:\/\/www.instagram.com\/toscano_official\/\" target=\"_blank\" class=\" woodmart-social-icon social-instagram\">\n\t\t\t\t\t\t<i class=\"fa fa-instagram\"><\/i>\n\t\t\t\t\t\t<span class=\"woodmart-social-icon-name\">Instagram<\/span>\n\t\t\t\t\t<\/a>\n\t\t\t\t\n\t\t\t\t\t\t\t\t\t<a rel=\"nofollow\" href=\"https:\/\/www.youtube.com\/@TOSCANOofficial\" target=\"_blank\" class=\" woodmart-social-icon social-youtube\">\n\t\t\t\t\t\t<i class=\"fa fa-youtube\"><\/i>\n\t\t\t\t\t\t<span class=\"woodmart-social-icon-name\">YouTube<\/span>\n\t\t\t\t\t<\/a>\n\t\t\t\t\n\t\t\t\t\n\t\t\t\t\n\t\t\t\t\t\t\t\t\t<a rel=\"nofollow\" href=\"https:\/\/www.linkedin.com\/company\/toscano-agricultural-machinery\/\" target=\"_blank\" class=\" woodmart-social-icon social-linkedin\">\n\t\t\t\t\t\t<i class=\"fa fa-linkedin\"><\/i>\n\t\t\t\t\t\t<span class=\"woodmart-social-icon-name\">linkedin<\/span>\n\t\t\t\t\t<\/a>\n\t\t\t\t\n\t\t\t\t\n\t\t\t\t\n\t\t\t\t\n\t\t\t\t\n\t\t\t\t\n\t\t\t\t\n\t\t\t\t\n\t\t\t\t\n\t\t\t\t\n\t\t\t\t\t\t\t\t\n\t\t\t\t\n\t\t\t\t\n\t\t\t<\/div>\n\n\t\t[\/vc_column][\/vc_row]<\/p>\n<\/section>","protected":false},"excerpt":{"rendered":"<p>[vc_row full_width=&#8221;stretch_row_content&#8221; content_placement=&#8221;middle&#8221; css=&#8221;.vc_custom_1523621605948{margin-bottom: 8vh !important;padding-right: 5% !important;padding-left: 5% !important;}&#8221;][vc_column css=&#8221;.vc_custom_1692019101709{padding-right: 10% !important;padding-left: 10% !important;}&#8221; offset=&#8221;vc_col-lg-6 vc_col-md-6 vc_col-xs-12&#8243; mobile_bg_img_hidden=&#8221;no&#8221; tablet_bg_img_hidden=&#8221;no&#8221;<\/p>\n","protected":false},"author":1,"featured_media":0,"parent":0,"menu_order":0,"comment_status":"closed","ping_status":"closed","template":"","meta":{"footnotes":""},"class_list":["post-3924","page","type-page","status-publish","hentry"],"yoast_head":"<!-- This site is optimized with the Yoast SEO plugin v23.0 - https:\/\/yoast.com\/wordpress\/plugins\/seo\/ -->\n<title>Media Center - D\u00fcndarlar Group<\/title>\n<meta name=\"robots\" content=\"index, follow, max-snippet:-1, max-image-preview:large, max-video-preview:-1\" \/>\n<link rel=\"canonical\" href=\"https:\/\/dundarlargroup.com.tr\/en\/media-center\/\" \/>\n<meta property=\"og:locale\" content=\"en_US\" \/>\n<meta property=\"og:type\" content=\"article\" \/>\n<meta property=\"og:title\" content=\"Media Center - D\u00fcndarlar Group\" \/>\n<meta property=\"og:description\" content=\"[vc_row full_width=&#8221;stretch_row_content&#8221; content_placement=&#8221;middle&#8221; css=&#8221;.vc_custom_1523621605948{margin-bottom: 8vh !important;padding-right: 5% !important;padding-left: 5% !important;}&#8221;][vc_column css=&#8221;.vc_custom_1692019101709{padding-right: 10% !important;padding-left: 10% !important;}&#8221; offset=&#8221;vc_col-lg-6 vc_col-md-6 vc_col-xs-12&#8243; mobile_bg_img_hidden=&#8221;no&#8221; tablet_bg_img_hidden=&#8221;no&#8221;\" \/>\n<meta property=\"og:url\" content=\"https:\/\/dundarlargroup.com.tr\/en\/media-center\/\" \/>\n<meta property=\"og:site_name\" content=\"D\u00fcndarlar Group\" \/>\n<meta property=\"article:modified_time\" content=\"2023-11-15T05:20:32+00:00\" \/>\n<meta name=\"twitter:card\" content=\"summary_large_image\" \/>\n<meta name=\"twitter:label1\" content=\"Est. reading time\" \/>\n\t<meta name=\"twitter:data1\" content=\"4 minutes\" \/>\n<script type=\"application\/ld+json\" class=\"yoast-schema-graph\">{\"@context\":\"https:\/\/schema.org\",\"@graph\":[{\"@type\":\"WebPage\",\"@id\":\"https:\/\/dundarlargroup.com.tr\/en\/media-center\/\",\"url\":\"https:\/\/dundarlargroup.com.tr\/en\/media-center\/\",\"name\":\"Media Center - D\u00fcndarlar Group\",\"isPartOf\":{\"@id\":\"https:\/\/dundarlargroup.com.tr\/#website\"},\"datePublished\":\"2023-06-11T11:13:20+00:00\",\"dateModified\":\"2023-11-15T05:20:32+00:00\",\"breadcrumb\":{\"@id\":\"https:\/\/dundarlargroup.com.tr\/en\/media-center\/#breadcrumb\"},\"inLanguage\":\"en-US\",\"potentialAction\":[{\"@type\":\"ReadAction\",\"target\":[\"https:\/\/dundarlargroup.com.tr\/en\/media-center\/\"]}]},{\"@type\":\"BreadcrumbList\",\"@id\":\"https:\/\/dundarlargroup.com.tr\/en\/media-center\/#breadcrumb\",\"itemListElement\":[{\"@type\":\"ListItem\",\"position\":1,\"name\":\"Anasayfa\",\"item\":\"https:\/\/dundarlargroup.com.tr\/\"},{\"@type\":\"ListItem\",\"position\":2,\"name\":\"Media Center\"}]},{\"@type\":\"WebSite\",\"@id\":\"https:\/\/dundarlargroup.com.tr\/#website\",\"url\":\"https:\/\/dundarlargroup.com.tr\/\",\"name\":\"D\u00fcndarlar Group\",\"description\":\"\",\"potentialAction\":[{\"@type\":\"SearchAction\",\"target\":{\"@type\":\"EntryPoint\",\"urlTemplate\":\"https:\/\/dundarlargroup.com.tr\/?s={search_term_string}\"},\"query-input\":\"required name=search_term_string\"}],\"inLanguage\":\"en-US\"}]}<\/script>\n<!-- \/ Yoast SEO plugin. -->","yoast_head_json":{"title":"Media Center - D\u00fcndarlar Group","robots":{"index":"index","follow":"follow","max-snippet":"max-snippet:-1","max-image-preview":"max-image-preview:large","max-video-preview":"max-video-preview:-1"},"canonical":"https:\/\/dundarlargroup.com.tr\/en\/media-center\/","og_locale":"en_US","og_type":"article","og_title":"Media Center - D\u00fcndarlar Group","og_description":"[vc_row full_width=&#8221;stretch_row_content&#8221; content_placement=&#8221;middle&#8221; css=&#8221;.vc_custom_1523621605948{margin-bottom: 8vh !important;padding-right: 5% !important;padding-left: 5% !important;}&#8221;][vc_column css=&#8221;.vc_custom_1692019101709{padding-right: 10% !important;padding-left: 10% !important;}&#8221; offset=&#8221;vc_col-lg-6 vc_col-md-6 vc_col-xs-12&#8243; mobile_bg_img_hidden=&#8221;no&#8221; tablet_bg_img_hidden=&#8221;no&#8221;","og_url":"https:\/\/dundarlargroup.com.tr\/en\/media-center\/","og_site_name":"D\u00fcndarlar Group","article_modified_time":"2023-11-15T05:20:32+00:00","twitter_card":"summary_large_image","twitter_misc":{"Est. reading time":"4 minutes"},"schema":{"@context":"https:\/\/schema.org","@graph":[{"@type":"WebPage","@id":"https:\/\/dundarlargroup.com.tr\/en\/media-center\/","url":"https:\/\/dundarlargroup.com.tr\/en\/media-center\/","name":"Media Center - D\u00fcndarlar Group","isPartOf":{"@id":"https:\/\/dundarlargroup.com.tr\/#website"},"datePublished":"2023-06-11T11:13:20+00:00","dateModified":"2023-11-15T05:20:32+00:00","breadcrumb":{"@id":"https:\/\/dundarlargroup.com.tr\/en\/media-center\/#breadcrumb"},"inLanguage":"en-US","potentialAction":[{"@type":"ReadAction","target":["https:\/\/dundarlargroup.com.tr\/en\/media-center\/"]}]},{"@type":"BreadcrumbList","@id":"https:\/\/dundarlargroup.com.tr\/en\/media-center\/#breadcrumb","itemListElement":[{"@type":"ListItem","position":1,"name":"Anasayfa","item":"https:\/\/dundarlargroup.com.tr\/"},{"@type":"ListItem","position":2,"name":"Media Center"}]},{"@type":"WebSite","@id":"https:\/\/dundarlargroup.com.tr\/#website","url":"https:\/\/dundarlargroup.com.tr\/","name":"D\u00fcndarlar Group","description":"","potentialAction":[{"@type":"SearchAction","target":{"@type":"EntryPoint","urlTemplate":"https:\/\/dundarlargroup.com.tr\/?s={search_term_string}"},"query-input":"required name=search_term_string"}],"inLanguage":"en-US"}]}},"_links":{"self":[{"href":"https:\/\/dundarlargroup.com.tr\/en\/wp-json\/wp\/v2\/pages\/3924","targetHints":{"allow":["GET"]}}],"collection":[{"href":"https:\/\/dundarlargroup.com.tr\/en\/wp-json\/wp\/v2\/pages"}],"about":[{"href":"https:\/\/dundarlargroup.com.tr\/en\/wp-json\/wp\/v2\/types\/page"}],"author":[{"embeddable":true,"href":"https:\/\/dundarlargroup.com.tr\/en\/wp-json\/wp\/v2\/users\/1"}],"replies":[{"embeddable":true,"href":"https:\/\/dundarlargroup.com.tr\/en\/wp-json\/wp\/v2\/comments?post=3924"}],"version-history":[{"count":5,"href":"https:\/\/dundarlargroup.com.tr\/en\/wp-json\/wp\/v2\/pages\/3924\/revisions"}],"predecessor-version":[{"id":3961,"href":"https:\/\/dundarlargroup.com.tr\/en\/wp-json\/wp\/v2\/pages\/3924\/revisions\/3961"}],"wp:attachment":[{"href":"https:\/\/dundarlargroup.com.tr\/en\/wp-json\/wp\/v2\/media?parent=3924"}],"curies":[{"name":"wp","href":"https:\/\/api.w.org\/{rel}","templated":true}]}}